{"id":61,"date":"2026-03-25T20:51:10","date_gmt":"2026-03-25T20:51:10","guid":{"rendered":"https:\/\/www.leopaganini.com.ar\/?page_id=61"},"modified":"2026-03-30T17:38:24","modified_gmt":"2026-03-30T17:38:24","slug":"bio","status":"publish","type":"page","link":"https:\/\/www.leopaganini.com.ar\/index.php\/bio\/","title":{"rendered":"BIO"},"content":{"rendered":"<p>[et_pb_section fb_built=\u00bb1&#8243; _builder_version=\u00bb4.27.4&#8243; _module_preset=\u00bbdefault\u00bb custom_margin=\u00bb0px||||false|false\u00bb custom_padding=\u00bb0px||14px||false|false\u00bb global_colors_info=\u00bb{}\u00bb][et_pb_row column_structure=\u00bb1_2,1_2&#8243; _builder_version=\u00bb4.27.4&#8243; _module_preset=\u00bbdefault\u00bb background_color=\u00bb#8f8f8f\u00bb width=\u00bb100%\u00bb min_height=\u00bb250px\u00bb min_height_tablet=\u00bb250px\u00bb min_height_phone=\u00bb349px\u00bb min_height_last_edited=\u00bbon|phone\u00bb height=\u00bb100px\u00bb max_height=\u00bb987px\u00bb max_height_tablet=\u00bb987px\u00bb max_height_phone=\u00bb1000px\u00bb max_height_last_edited=\u00bbon|phone\u00bb custom_padding=\u00bb0px||0px|0px|false|false\u00bb global_colors_info=\u00bb{}\u00bb][et_pb_column type=\u00bb1_2&#8243; module_class=\u00bbcolumna-imagen\u00bb _builder_version=\u00bb4.27.4&#8243; _module_preset=\u00bbdefault\u00bb background_image=\u00bbhttp:\/\/www.leopaganini.com.ar\/wp-content\/uploads\/2026\/03\/GRUPOS-SAXO.jpg\u00bb custom_css_main_element=\u00bbmin-height: 250px;\u00bb global_colors_info=\u00bb{}\u00bb][et_pb_code _builder_version=\u00bb4.27.4&#8243; _module_preset=\u00bbdefault\u00bb background_color=\u00bbRGBA(255,255,255,0)\u00bb background_image=\u00bbhttp:\/\/www.leopaganini.com.ar\/wp-content\/uploads\/2026\/03\/GRUPOS-SAXO.jpg\u00bb global_colors_info=\u00bb{}\u00bb][\/et_pb_code][\/et_pb_column][et_pb_column type=\u00bb1_2&#8243; _builder_version=\u00bb4.27.4&#8243; _module_preset=\u00bbdefault\u00bb background_color=\u00bb#8f8f8f\u00bb custom_padding=\u00bb90px|0px|0px|0px|false|false\u00bb custom_padding_tablet=\u00bb90px|0px|0px|0px|false|false\u00bb custom_padding_phone=\u00bb0px|0px|0px|0px|false|false\u00bb custom_padding_last_edited=\u00bbon|phone\u00bb global_colors_info=\u00bb{}\u00bb][et_pb_text _builder_version=\u00bb4.27.4&#8243; _module_preset=\u00bbdefault\u00bb text_font=\u00bbTimes New Roman||||||||\u00bb text_text_color=\u00bb#FFFFFF\u00bb text_font_size=\u00bb50px\u00bb custom_margin=\u00bb25px|91px|0px|0px|false|false\u00bb custom_margin_tablet=\u00bb0px|91px|0px|0px|false|false\u00bb custom_margin_phone=\u00bb0px||||false|false\u00bb custom_margin_last_edited=\u00bbon|phone\u00bb custom_padding=\u00bb5px||66px||false|false\u00bb hover_enabled=\u00bb0&#8243; text_font_size_tablet=\u00bb50px\u00bb text_font_size_phone=\u00bb45px\u00bb text_font_size_last_edited=\u00bbon|phone\u00bb global_colors_info=\u00bb{}\u00bb sticky_enabled=\u00bb0&#8243;]<\/p>\n<p style=\"text-align: center;\">Qui\u00e9n soy<\/p>\n<p>[\/et_pb_text][\/et_pb_column][\/et_pb_row][et_pb_row custom_padding_last_edited=\u00bbon|phone\u00bb _builder_version=\u00bb4.27.4&#8243; _module_preset=\u00bbdefault\u00bb background_color=\u00bb#000000&#8243; width=\u00bb100%\u00bb width_tablet=\u00bb100%\u00bb width_phone=\u00bb100%\u00bb width_last_edited=\u00bbon|phone\u00bb custom_margin=\u00bb||||false|false\u00bb custom_margin_tablet=\u00bb||||false|false\u00bb custom_margin_phone=\u00bb0px|0px|0px|0px|false|false\u00bb custom_margin_last_edited=\u00bbon|phone\u00bb custom_padding=\u00bb||50px|200px|false|false\u00bb custom_padding_tablet=\u00bb|40px|50px|40px|false|false\u00bb custom_padding_phone=\u00bb|20px||30px|false|false\u00bb hover_enabled=\u00bb0&#8243; global_colors_info=\u00bb{}\u00bb sticky_enabled=\u00bb0&#8243;][et_pb_column type=\u00bb4_4&#8243; module_class=\u00bbcolumna-imagen\u00bb _builder_version=\u00bb4.27.4&#8243; _module_preset=\u00bbdefault\u00bb background_enable_image=\u00bboff\u00bb custom_css_main_element=\u00bbmin-height: 250px;\u00bb global_colors_info=\u00bb{}\u00bb][et_pb_code _builder_version=\u00bb4.27.4&#8243; _module_preset=\u00bbdefault\u00bb background_color=\u00bbRGBA(255,255,255,0)\u00bb background_image=\u00bbhttp:\/\/www.leopaganini.com.ar\/wp-content\/uploads\/2026\/03\/GRUPOS-SAXO.jpg\u00bb global_colors_info=\u00bb{}\u00bb][\/et_pb_code][et_pb_text _builder_version=\u00bb4.27.4&#8243; _module_preset=\u00bbdefault\u00bb text_font=\u00bbMontserrat||||||||\u00bb text_text_color=\u00bb#FFFFFF\u00bb text_font_size=\u00bb18px\u00bb width=\u00bb79%\u00bb custom_margin=\u00bb0px||0px|0px|false|false\u00bb custom_margin_tablet=\u00bb0px|0px|0px|0px|false|false\u00bb custom_margin_phone=\u00bb0px|0px|0px|0px|false|false\u00bb custom_margin_last_edited=\u00bbon|phone\u00bb custom_padding=\u00bb0px|0px|0px|0px|false|false\u00bb custom_padding_tablet=\u00bb0px|0px|0px|0px|false|false\u00bb custom_padding_phone=\u00bb0px|0px|0px|0px|false|false\u00bb custom_padding_last_edited=\u00bbon|phone\u00bb hover_enabled=\u00bb0&#8243; global_colors_info=\u00bb{}\u00bb sticky_enabled=\u00bb0&#8243;]<\/p>\n<p>Nac\u00ed en Buenos Aires en 1977.<br \/>La m\u00fasica debe haber estado siempre en m\u00ed. Por eso a los 17 a\u00f1os vino a mi encuentro con la forma de un saxof\u00f3n cuyos misterios me avudaron a entender dos maestros: Gustavo C\u00e1mara y Victor Sporupsky en la Escuela de M\u00fasica Popular del Sindicato Argentino de M\u00fasicos. (SADEM).<\/p>\n<p>Ricardo Cavalli y Rodrigo Dom\u00edngez me llevaron a recorrer los generosos caminos del jazz y la improvisaci\u00f3n y con esa base ingres\u00e9 a la Tecnicatura de Jazz del Conservatorio Manuel de Falla. All\u00ed curs\u00e9 algunas materias y estudios avanzados con Ernesto Jodos. Conocerlo, y a su sexteto, fue escuchar la m\u00fasica que me gustar\u00eda escribir. Como cuando le\u00e9s algo que explica con claridad lo que ya intu\u00edas, pero desordenadamente.<br \/>Al frente de ese grupo, para m\u00ed inspirador, hab\u00eda tres vientos con voz propia: Enrique Norris, Natalio Sued y Carlos Lastra. Con Enrique pude estudiar, aunque por poco tiempo y Carlos fue conmigo, adem\u00e1s de un maestro excelente y comprometido, una persona muy generosa<br \/>Mi formaci\u00f3n la complet\u00e9 tomando clases con otros dos excelentes saxofonistas: Bill<br \/>McHenry y Tony Malaby. Aunque decir \u00abcomplet\u00e9\u00bb es un eufemismo, porque sigo aprendiendo algo nuevo cada vez que toco. Es parte de la magia.<br \/>Hace ya algunos a\u00f1os que desarrollo mi carrera profesional en el \u00e1mbito del jazz de Buenos Aires, participando en proyectos, conciertos y grabaciones con m\u00fasicos profesionales de la escena local. Que los hay. Y muchos.<\/p>\n<p>[\/et_pb_text][\/et_pb_column][\/et_pb_row][et_pb_row use_custom_gutter=\u00bbon\u00bb gutter_width=\u00bb2&#8243; make_equal=\u00bbon\u00bb _builder_version=\u00bb4.27.4&#8243; _module_preset=\u00bbdefault\u00bb background_color=\u00bb#eeeeee\u00bb width_tablet=\u00bb\u00bb width_phone=\u00bb100%\u00bb width_last_edited=\u00bbon|phone\u00bb max_width_tablet=\u00bb2560%\u00bb max_width_phone=\u00bb2560%\u00bb max_width_last_edited=\u00bbon|phone\u00bb custom_padding=\u00bb20px|10px|0px|10px|false|false\u00bb hover_enabled=\u00bb0&#8243; global_colors_info=\u00bb{}\u00bb sticky_enabled=\u00bb0&#8243;][et_pb_column type=\u00bb4_4&#8243; _builder_version=\u00bb4.27.4&#8243; _module_preset=\u00bbdefault\u00bb global_colors_info=\u00bb{}\u00bb][et_pb_text _builder_version=\u00bb4.27.4&#8243; _module_preset=\u00bbdefault\u00bb text_font=\u00bbTimes New Roman|700|||||||\u00bb text_text_color=\u00bb#000000&#8243; text_font_size=\u00bb30px\u00bb custom_margin=\u00bb|||5px|false|false\u00bb text_font_size_tablet=\u00bb30px\u00bb text_font_size_phone=\u00bb23px\u00bb text_font_size_last_edited=\u00bbon|phone\u00bb global_colors_info=\u00bb{}\u00bb]<\/p>\n<p>MIS DISCOS PREFERIDOS<\/p>\n<p>[\/et_pb_text][\/et_pb_column][\/et_pb_row][et_pb_row column_structure=\u00bb1_5,1_5,1_5,1_5,1_5&#8243; _builder_version=\u00bb4.27.4&#8243; _module_preset=\u00bbdefault\u00bb background_color=\u00bb#eeeeee\u00bb width_tablet=\u00bb100%\u00bb width_phone=\u00bb100%\u00bb width_last_edited=\u00bbon|phone\u00bb custom_padding=\u00bb|10px||10px|false|false\u00bb hover_enabled=\u00bb0&#8243; global_colors_info=\u00bb{}\u00bb sticky_enabled=\u00bb0&#8243;][et_pb_column type=\u00bb1_5&#8243; _builder_version=\u00bb4.27.4&#8243; _module_preset=\u00bbdefault\u00bb global_colors_info=\u00bb{}\u00bb][et_pb_blurb title=\u00bbRICARDO CAVALLI\u00bb image=\u00bbhttp:\/\/www.leopaganini.com.ar\/wp-content\/uploads\/2026\/03\/cavalli-la-entrega.jpg\u00bb _builder_version=\u00bb4.27.4&#8243; _module_preset=\u00bbdefault\u00bb header_font=\u00bbMontserrat|700|||||||\u00bb header_text_align=\u00bbcenter\u00bb header_font_size=\u00bb16px\u00bb header_line_height=\u00bb0.3em\u00bb body_font=\u00bbMontserrat|600|||||||\u00bb body_font_size=\u00bb17px\u00bb global_colors_info=\u00bb{}\u00bb]<\/p>\n<p style=\"text-align: center;\">LA ENTREGA<\/p>\n<p>[\/et_pb_blurb][\/et_pb_column][et_pb_column type=\u00bb1_5&#8243; _builder_version=\u00bb4.27.4&#8243; _module_preset=\u00bbdefault\u00bb global_colors_info=\u00bb{}\u00bb][et_pb_blurb title=\u00bbDEXTER GORDON\u00bb image=\u00bbhttp:\/\/www.leopaganini.com.ar\/wp-content\/uploads\/2026\/03\/DEXTER-GORDON-BALADAS.jpg\u00bb _builder_version=\u00bb4.27.4&#8243; _module_preset=\u00bbdefault\u00bb header_font=\u00bbMontserrat|700|||||||\u00bb header_text_align=\u00bbcenter\u00bb header_font_size=\u00bb16px\u00bb header_line_height=\u00bb0.3em\u00bb body_font=\u00bbMontserrat|600|||||||\u00bb body_font_size=\u00bb17px\u00bb global_colors_info=\u00bb{}\u00bb]<\/p>\n<p style=\"text-align: center;\">BALADAS<\/p>\n<p>[\/et_pb_blurb][\/et_pb_column][et_pb_column type=\u00bb1_5&#8243; _builder_version=\u00bb4.27.4&#8243; _module_preset=\u00bbdefault\u00bb global_colors_info=\u00bb{}\u00bb][et_pb_blurb title=\u00bbERNESTO JODOS\u00bb image=\u00bbhttp:\/\/www.leopaganini.com.ar\/wp-content\/uploads\/2026\/03\/jodos-sexteto.jpg\u00bb _builder_version=\u00bb4.27.4&#8243; _module_preset=\u00bbdefault\u00bb header_font=\u00bbMontserrat|700|||||||\u00bb header_text_align=\u00bbcenter\u00bb header_font_size=\u00bb16px\u00bb header_line_height=\u00bb0.3em\u00bb body_font=\u00bbMontserrat|600|||||||\u00bb body_font_size=\u00bb17px\u00bb global_colors_info=\u00bb{}\u00bb]<\/p>\n<p style=\"text-align: center;\">SEXTETO<\/p>\n<p>[\/et_pb_blurb][\/et_pb_column][et_pb_column type=\u00bb1_5&#8243; _builder_version=\u00bb4.27.4&#8243; _module_preset=\u00bbdefault\u00bb global_colors_info=\u00bb{}\u00bb][et_pb_blurb title=\u00bbJOE HENDERSON\u00bb image=\u00bbhttp:\/\/www.leopaganini.com.ar\/wp-content\/uploads\/2026\/03\/joe-henderson-so-near-so-far.jpg\u00bb _builder_version=\u00bb4.27.4&#8243; _module_preset=\u00bbdefault\u00bb header_font=\u00bbMontserrat|700|||||||\u00bb header_text_align=\u00bbcenter\u00bb header_font_size=\u00bb16px\u00bb header_line_height=\u00bb0.3em\u00bb body_font=\u00bbMontserrat|600|||||||\u00bb body_font_size=\u00bb17px\u00bb global_colors_info=\u00bb{}\u00bb]<\/p>\n<p style=\"text-align: center;\">SO NEAR SI FAR<\/p>\n<p>[\/et_pb_blurb][\/et_pb_column][et_pb_column type=\u00bb1_5&#8243; _builder_version=\u00bb4.27.4&#8243; _module_preset=\u00bbdefault\u00bb global_colors_info=\u00bb{}\u00bb][et_pb_blurb title=\u00bbJOE LOVANO\u00bb image=\u00bbhttp:\/\/www.leopaganini.com.ar\/wp-content\/uploads\/2026\/03\/joe-lovano-1.jpg\u00bb _builder_version=\u00bb4.27.4&#8243; _module_preset=\u00bbdefault\u00bb header_font=\u00bbMontserrat|700|||||||\u00bb header_text_align=\u00bbcenter\u00bb header_font_size=\u00bb16px\u00bb header_line_height=\u00bb0.3em\u00bb body_font=\u00bbMontserrat|600|||||||\u00bb body_font_size=\u00bb15px\u00bb global_colors_info=\u00bb{}\u00bb]<\/p>\n<p style=\"text-align: center;\">UNIVERSAL LANGUAJE<\/p>\n<p>[\/et_pb_blurb][\/et_pb_column][\/et_pb_row][et_pb_row custom_padding_last_edited=\u00bbon|phone\u00bb _builder_version=\u00bb4.27.4&#8243; _module_preset=\u00bbdefault\u00bb background_color=\u00bb#000000&#8243; width_tablet=\u00bb\u00bb width_phone=\u00bb100%\u00bb width_last_edited=\u00bbon|phone\u00bb min_height=\u00bb158px\u00bb height=\u00bb100px\u00bb max_height=\u00bb1000px\u00bb custom_margin=\u00bb0px||0px||false|false\u00bb custom_margin_tablet=\u00bb0px||0px||false|false\u00bb custom_margin_phone=\u00bb0px|0px|0px|0px|false|false\u00bb custom_margin_last_edited=\u00bbon|phone\u00bb custom_padding=\u00bb0px||0px||false|false\u00bb custom_padding_tablet=\u00bb0px||0px||false|false\u00bb custom_padding_phone=\u00bb0px|0px|0px|0px|false|false\u00bb hover_enabled=\u00bb0&#8243; global_colors_info=\u00bb{}\u00bb sticky_enabled=\u00bb0&#8243;][et_pb_column type=\u00bb4_4&#8243; _builder_version=\u00bb4.27.4&#8243; _module_preset=\u00bbdefault\u00bb background_color=\u00bb#000000&#8243; custom_padding=\u00bb90px||0px||false|false\u00bb global_colors_info=\u00bb{}\u00bb][et_pb_text _builder_version=\u00bb4.27.4&#8243; _module_preset=\u00bbdefault\u00bb text_font=\u00bbTimes New Roman||||||||\u00bb text_text_color=\u00bb#FFFFFF\u00bb text_font_size=\u00bb40px\u00bb text_line_height=\u00bb0.2em\u00bb custom_margin=\u00bb0px||0px|200px|false|false\u00bb custom_margin_tablet=\u00bb0px||0px|40px|false|false\u00bb custom_margin_phone=\u00bb0px|20px|0px|20px|false|false\u00bb custom_margin_last_edited=\u00bbon|phone\u00bb custom_padding=\u00bb0px||0px||false|false\u00bb hover_enabled=\u00bb0&#8243; text_font_size_tablet=\u00bb40px\u00bb text_font_size_phone=\u00bb28px\u00bb text_font_size_last_edited=\u00bbon|phone\u00bb global_colors_info=\u00bb{}\u00bb sticky_enabled=\u00bb0&#8243;]<\/p>\n<p style=\"text-align: left;\">De Roma a Buenos Aires<\/p>\n<p style=\"text-align: left;\">y un toque de Stan Getz<\/p>\n<p>[\/et_pb_text][\/et_pb_column][\/et_pb_row][et_pb_row custom_padding_last_edited=\u00bbon|phone\u00bb _builder_version=\u00bb4.27.4&#8243; _module_preset=\u00bbdefault\u00bb background_color=\u00bb#000000&#8243; width_tablet=\u00bb100%\u00bb width_phone=\u00bb100%\u00bb width_last_edited=\u00bbon|phone\u00bb custom_margin=\u00bb0px||0px||false|false\u00bb custom_padding=\u00bb|0px|50px|200px|false|false\u00bb custom_padding_tablet=\u00bb|40px|50px|40px|false|false\u00bb custom_padding_phone=\u00bb|20px|50px|20px|false|true\u00bb hover_enabled=\u00bb0&#8243; global_colors_info=\u00bb{}\u00bb sticky_enabled=\u00bb0&#8243;][et_pb_column type=\u00bb4_4&#8243; module_class=\u00bbcolumna-imagen\u00bb _builder_version=\u00bb4.27.4&#8243; _module_preset=\u00bbdefault\u00bb background_enable_image=\u00bboff\u00bb custom_css_main_element=\u00bbmin-height: 250px;\u00bb global_colors_info=\u00bb{}\u00bb][et_pb_code _builder_version=\u00bb4.27.4&#8243; _module_preset=\u00bbdefault\u00bb background_color=\u00bbRGBA(255,255,255,0)\u00bb background_image=\u00bbhttp:\/\/www.leopaganini.com.ar\/wp-content\/uploads\/2026\/03\/GRUPOS-SAXO.jpg\u00bb global_colors_info=\u00bb{}\u00bb][\/et_pb_code][et_pb_text _builder_version=\u00bb4.27.4&#8243; _module_preset=\u00bbdefault\u00bb text_font=\u00bbMontserrat||||||||\u00bb text_text_color=\u00bb#FFFFFF\u00bb text_font_size=\u00bb18px\u00bb width=\u00bb79%\u00bb custom_margin=\u00bb0px|0px|0px|0px|false|false\u00bb custom_padding=\u00bb0px|0px|0px|0px|false|false\u00bb global_colors_info=\u00bb{}\u00bb]<\/p>\n<p>En 1994 sucedieron tres cosas importantes: termin\u00e9 mi formaci\u00f3n secundaria, compr\u00e9 el primer saxo y pude hacer un viaje a Italia con mi escuela. Una ma\u00f1ana, en una disquer\u00eda de Roma compr\u00e9 mis dos primeros discos de jazz. Confieso que aquel d\u00eda no sab\u00eda bien qu\u00e9 estaba comprando ni la dimensi\u00f3n musical de esos artistas. pero intu\u00eda que eran los discos de dos grandes.<\/p>\n<p>Cuando el jazz me atrap\u00f3, comprob\u00e9 que mi intuici\u00f3n no se hab\u00eda equivocado: Charlie Parker v John Coltrane eran dos de los m\u00e1s grandes saxofonistas de todos los tiempos y son, hoy, dos de mis m\u00fasicos favoritos.<\/p>\n<p>Agrego tambi\u00e9n Round Midnight, un maravilloso disco de Stan Getz que me sigue inspirando\u00e7<\/p>\n<p>[\/et_pb_text][\/et_pb_column][\/et_pb_row][et_pb_row column_structure=\u00bb1_3,1_3,1_3&#8243; _builder_version=\u00bb4.27.4&#8243; _module_preset=\u00bbdefault\u00bb background_color=\u00bb#eeeeee\u00bb custom_padding=\u00bb|10px||10px|false|false\u00bb hover_enabled=\u00bb0&#8243; global_colors_info=\u00bb{}\u00bb width=\u00bb100%\u00bb sticky_enabled=\u00bb0&#8243;][et_pb_column type=\u00bb1_3&#8243; _builder_version=\u00bb4.27.4&#8243; _module_preset=\u00bbdefault\u00bb global_colors_info=\u00bb{}\u00bb][et_pb_blurb title=\u00bbCHARLIE PARKER\u00bb image=\u00bbhttp:\/\/www.leopaganini.com.ar\/wp-content\/uploads\/2026\/03\/CHARLIE-PARKER-BIRD.jpg\u00bb _builder_version=\u00bb4.27.4&#8243; _module_preset=\u00bbdefault\u00bb header_font=\u00bbMontserrat|700|||||||\u00bb header_text_align=\u00bbcenter\u00bb header_font_size=\u00bb16px\u00bb header_line_height=\u00bb0.3em\u00bb body_font=\u00bbMontserrat|600|||||||\u00bb body_font_size=\u00bb17px\u00bb global_colors_info=\u00bb{}\u00bb]<\/p>\n<p style=\"text-align: center;\">BIRD<\/p>\n<p>[\/et_pb_blurb][\/et_pb_column][et_pb_column type=\u00bb1_3&#8243; _builder_version=\u00bb4.27.4&#8243; _module_preset=\u00bbdefault\u00bb global_colors_info=\u00bb{}\u00bb][et_pb_blurb title=\u00bbJOHN COLTRANE\u00bb image=\u00bbhttp:\/\/www.leopaganini.com.ar\/wp-content\/uploads\/2026\/03\/COLTRANE-SOUND.jpg\u00bb _builder_version=\u00bb4.27.4&#8243; _module_preset=\u00bbdefault\u00bb header_font=\u00bbMontserrat|700|||||||\u00bb header_text_align=\u00bbcenter\u00bb header_font_size=\u00bb16px\u00bb header_line_height=\u00bb0.3em\u00bb body_font=\u00bbMontserrat|600|||||||\u00bb body_font_size=\u00bb17px\u00bb custom_margin_tablet=\u00bb\u00bb custom_margin_phone=\u00bb0px||||false|false\u00bb custom_margin_last_edited=\u00bbon|phone\u00bb global_colors_info=\u00bb{}\u00bb]<\/p>\n<p style=\"text-align: center;\">SOUND<\/p>\n<p>[\/et_pb_blurb][\/et_pb_column][et_pb_column type=\u00bb1_3&#8243; _builder_version=\u00bb4.27.4&#8243; _module_preset=\u00bbdefault\u00bb global_colors_info=\u00bb{}\u00bb][et_pb_blurb title=\u00bbSTAN GETZ\u00bb image=\u00bbhttp:\/\/www.leopaganini.com.ar\/wp-content\/uploads\/2026\/03\/Copia-de-STAN-GETZ.jpg\u00bb _builder_version=\u00bb4.27.4&#8243; _module_preset=\u00bbdefault\u00bb header_font=\u00bbMontserrat|700|||||||\u00bb header_text_align=\u00bbcenter\u00bb header_font_size=\u00bb16px\u00bb header_line_height=\u00bb0.3em\u00bb body_font=\u00bbMontserrat|600|||||||\u00bb body_font_size=\u00bb17px\u00bb global_colors_info=\u00bb{}\u00bb]<\/p>\n<p style=\"text-align: center;\">ROUND MIDNIGHT<\/p>\n<p>[\/et_pb_blurb][\/et_pb_column][\/et_pb_row][\/et_pb_section]<\/p>\n","protected":false},"excerpt":{"rendered":"<p>Qui\u00e9n soyNac\u00ed en Buenos Aires en 1977.La m\u00fasica debe haber estado siempre en m\u00ed. Por eso a los 17 a\u00f1os vino a mi encuentro con la forma de un saxof\u00f3n cuyos misterios me avudaron a entender dos maestros: Gustavo C\u00e1mara y Victor Sporupsky en la Escuela de M\u00fasica Popular del Sindicato Argentino de M\u00fasicos. (SADEM). [&hellip;]<\/p>\n","protected":false},"author":1,"featured_media":0,"parent":0,"menu_order":0,"comment_status":"closed","ping_status":"closed","template":"","meta":{"_et_pb_use_builder":"on","_et_pb_old_content":"<!-- wp:divi\/placeholder \/-->","_et_gb_content_width":"","footnotes":""},"class_list":["post-61","page","type-page","status-publish","hentry"],"_links":{"self":[{"href":"https:\/\/www.leopaganini.com.ar\/index.php\/wp-json\/wp\/v2\/pages\/61","targetHints":{"allow":["GET"]}}],"collection":[{"href":"https:\/\/www.leopaganini.com.ar\/index.php\/wp-json\/wp\/v2\/pages"}],"about":[{"href":"https:\/\/www.leopaganini.com.ar\/index.php\/wp-json\/wp\/v2\/types\/page"}],"author":[{"embeddable":true,"href":"https:\/\/www.leopaganini.com.ar\/index.php\/wp-json\/wp\/v2\/users\/1"}],"replies":[{"embeddable":true,"href":"https:\/\/www.leopaganini.com.ar\/index.php\/wp-json\/wp\/v2\/comments?post=61"}],"version-history":[{"count":29,"href":"https:\/\/www.leopaganini.com.ar\/index.php\/wp-json\/wp\/v2\/pages\/61\/revisions"}],"predecessor-version":[{"id":786,"href":"https:\/\/www.leopaganini.com.ar\/index.php\/wp-json\/wp\/v2\/pages\/61\/revisions\/786"}],"wp:attachment":[{"href":"https:\/\/www.leopaganini.com.ar\/index.php\/wp-json\/wp\/v2\/media?parent=61"}],"curies":[{"name":"wp","href":"https:\/\/api.w.org\/{rel}","templated":true}]}}