{"id":9,"date":"2025-12-02T19:57:30","date_gmt":"2025-12-02T19:57:30","guid":{"rendered":"https:\/\/www.leopaganini.com.ar\/?page_id=9"},"modified":"2026-03-30T17:24:55","modified_gmt":"2026-03-30T17:24:55","slug":"inicio","status":"publish","type":"page","link":"https:\/\/www.leopaganini.com.ar\/","title":{"rendered":"INICIO"},"content":{"rendered":"<p>[et_pb_section fb_built=\u00bb1&#8243; custom_padding_last_edited=\u00bbon|phone\u00bb _builder_version=\u00bb4.27.4&#8243; _module_preset=\u00bbdefault\u00bb position_origin_a_tablet=\u00bb\u00bb position_origin_a_phone=\u00bb\u00bb position_origin_a_last_edited=\u00bbon|desktop\u00bb position_origin_f_tablet=\u00bb\u00bb position_origin_f_phone=\u00bb\u00bb position_origin_f_last_edited=\u00bbon|desktop\u00bb position_origin_r_tablet=\u00bb\u00bb position_origin_r_phone=\u00bb\u00bb position_origin_r_last_edited=\u00bbon|desktop\u00bb min_height_tablet=\u00bb50vh\u00bb min_height_phone=\u00bb50vh\u00bb min_height_last_edited=\u00bbon|phone\u00bb overflow-x=\u00bbvisible\u00bb overflow-y=\u00bbvisible\u00bb custom_margin=\u00bb15px||0px||false|false\u00bb custom_padding=\u00bb0px||||false|false\u00bb custom_padding_tablet=\u00bb\u00bb custom_padding_phone=\u00bb0px||50px||false|false\u00bb hover_enabled=\u00bb0&#8243; positioning_tablet=\u00bb\u00bb positioning_phone=\u00bb\u00bb positioning_last_edited=\u00bbon|phone\u00bb global_colors_info=\u00bb{}\u00bb sticky_enabled=\u00bb0&#8243;][et_pb_row use_custom_gutter=\u00bbon\u00bb gutter_width=\u00bb1&#8243; make_equal=\u00bbon\u00bb _builder_version=\u00bb4.27.4&#8243; _module_preset=\u00bbdefault\u00bb min_height=\u00bb583px\u00bb min_height_tablet=\u00bb583px\u00bb min_height_phone=\u00bb363px\u00bb min_height_last_edited=\u00bbon|phone\u00bb height=\u00bb284px\u00bb max_height=\u00bb1000px\u00bb custom_padding=\u00bb0px||0px||false|false\u00bb global_colors_info=\u00bb{}\u00bb][et_pb_column type=\u00bb4_4&#8243; _builder_version=\u00bb4.27.4&#8243; _module_preset=\u00bbdefault\u00bb background_image=\u00bbhttp:\/\/www.leopaganini.com.ar\/wp-content\/uploads\/2026\/03\/11.jpg\u00bb custom_padding=\u00bb||300px||false|false\u00bb global_colors_info=\u00bb{}\u00bb][et_pb_code _builder_version=\u00bb4.27.4&#8243; _module_preset=\u00bbdefault\u00bb global_colors_info=\u00bb{}\u00bb][\/et_pb_code][\/et_pb_column][\/et_pb_row][et_pb_row column_structure=\u00bb1_2,1_2&#8243; use_custom_gutter=\u00bbon\u00bb gutter_width=\u00bb1&#8243; make_equal=\u00bbon\u00bb module_class=\u00bbfila-invertida-mobile\u00bb _builder_version=\u00bb4.27.4&#8243; _module_preset=\u00bbdefault\u00bb min_height=\u00bb400px\u00bb min_height_tablet=\u00bb400px\u00bb min_height_phone=\u00bb400px\u00bb min_height_last_edited=\u00bbon|phone\u00bb height=\u00bb284px\u00bb height_tablet=\u00bb284px\u00bb height_phone=\u00bb284px\u00bb height_last_edited=\u00bbon|phone\u00bb max_height=\u00bb1000px\u00bb custom_margin=\u00bb0px||0px||false|false\u00bb custom_margin_tablet=\u00bb\u00bb custom_margin_phone=\u00bb0px||0px||false|false\u00bb custom_margin_last_edited=\u00bbon|phone\u00bb custom_padding=\u00bb0px||0px||false|false\u00bb custom_css_main_element=\u00bboverflow: visible !important;\u00bb global_colors_info=\u00bb{}\u00bb][et_pb_column type=\u00bb1_2&#8243; _builder_version=\u00bb4.27.4&#8243; _module_preset=\u00bbdefault\u00bb background_color=\u00bbRGBA(255,255,255,0)\u00bb background_image=\u00bbhttp:\/\/www.leopaganini.com.ar\/wp-content\/uploads\/2026\/03\/15073420_1691813374374476_7799074119610650108_n.jpg\u00bb custom_padding=\u00bb0px||0px||false|false\u00bb custom_padding_tablet=\u00bb0px||0px||false|false\u00bb custom_padding_phone=\u00bb0px||0px||false|false\u00bb custom_padding_last_edited=\u00bbon|phone\u00bb custom_css_main_element=\u00bbmin-height: 250px;\u00bb global_colors_info=\u00bb{}\u00bb][et_pb_code _builder_version=\u00bb4.27.4&#8243; _module_preset=\u00bbdefault\u00bb global_colors_info=\u00bb{}\u00bb][\/et_pb_code][\/et_pb_column][et_pb_column type=\u00bb1_2&#8243; _builder_version=\u00bb4.27.4&#8243; _module_preset=\u00bbdefault\u00bb background_color=\u00bb#eeeeee\u00bb global_colors_info=\u00bb{}\u00bb][et_pb_text _builder_version=\u00bb4.27.4&#8243; _module_preset=\u00bbdefault\u00bb text_font=\u00bbMontserrat|600||on|||||\u00bb text_text_color=\u00bb#000000&#8243; text_font_size=\u00bb22px\u00bb custom_margin=\u00bb29px|||29px|false|false\u00bb global_colors_info=\u00bb{}\u00bb]<\/p>\n<p>Biograf\u00eda inconclusa<\/p>\n<p>[\/et_pb_text][et_pb_text _builder_version=\u00bb4.27.4&#8243; _module_preset=\u00bbdefault\u00bb text_font=\u00bbMontserrat|500|||||||\u00bb text_font_size=\u00bb18px\u00bb custom_margin=\u00bb20px|29px||29px|false|false\u00bb global_colors_info=\u00bb{}\u00bb]<\/p>\n<p>Nac\u00ed en Buenos Aires en 1977 y a los 17 a\u00f1os, cuando la m\u00fasica ya era parte de mi vida, eleg\u00ed el saxo y el clarinete.<\/p>\n<p>Estudi\u00e9 con maestros que no solo me ense\u00f1aron, tambi\u00e9n me llevaron a descubrir el maravilloso mundo del jazz.<\/p>\n<p>Escucho tanta m\u00fasica como toco.<br \/>Y tambi\u00e9n ense\u00f1o, devolviendo parte de lo que me dieron.<\/p>\n<p>[\/et_pb_text][et_pb_button button_text=\u00bbVER M\u00c1S\u00bb button_alignment=\u00bbcenter\u00bb _builder_version=\u00bb4.27.4&#8243; _module_preset=\u00bbdefault\u00bb custom_button=\u00bbon\u00bb button_text_size=\u00bb17px\u00bb button_text_color=\u00bb#FFFFFF\u00bb button_bg_color=\u00bb#000000&#8243; button_font=\u00bbMontserrat|600|||||||\u00bb custom_margin=\u00bb18px||||false|false\u00bb global_colors_info=\u00bb{}\u00bb][\/et_pb_button][\/et_pb_column][\/et_pb_row][et_pb_row column_structure=\u00bb1_2,1_2&#8243; use_custom_gutter=\u00bbon\u00bb gutter_width=\u00bb1&#8243; make_equal=\u00bbon\u00bb disabled_on=\u00bbon|on|off\u00bb _builder_version=\u00bb4.27.4&#8243; _module_preset=\u00bbdefault\u00bb min_height=\u00bb400px\u00bb height=\u00bb284px\u00bb max_height=\u00bb1000px\u00bb custom_margin=\u00bb0px||0px||false|false\u00bb custom_margin_tablet=\u00bb0px||||false|false\u00bb custom_margin_phone=\u00bb0px||||false|false\u00bb custom_margin_last_edited=\u00bbon|phone\u00bb custom_padding=\u00bb0px||0px||false|false\u00bb hover_enabled=\u00bb0&#8243; custom_css_free_form=\u00bbfila-invertida-mobile\u00bb global_colors_info=\u00bb{}\u00bb sticky_enabled=\u00bb0&#8243;][et_pb_column type=\u00bb1_2&#8243; _builder_version=\u00bb4.27.4&#8243; _module_preset=\u00bbdefault\u00bb background_color=\u00bb#eeeeee\u00bb custom_padding_tablet=\u00bb\u00bb custom_padding_phone=\u00bb\u00bb custom_padding_last_edited=\u00bbon|desktop\u00bb hover_enabled=\u00bb0&#8243; global_colors_info=\u00bb{}\u00bb custom_css_main_element_last_edited=\u00bbon|phone\u00bb custom_css_main_element_phone=\u00bborder: 2;\u00bb custom_css_main_element_tablet=\u00bborder: 2;\u00bb sticky_enabled=\u00bb0&#8243;][et_pb_text _builder_version=\u00bb4.27.4&#8243; _module_preset=\u00bbdefault\u00bb text_font=\u00bbMontserrat|600||on|||||\u00bb text_text_color=\u00bb#000000&#8243; text_font_size=\u00bb22px\u00bb custom_margin=\u00bb29px|||29px|false|false\u00bb global_colors_info=\u00bb{}\u00bb]<\/p>\n<p>DISCOS<\/p>\n<p>[\/et_pb_text][et_pb_text _builder_version=\u00bb4.27.4&#8243; _module_preset=\u00bbdefault\u00bb text_font=\u00bbMontserrat|500|||||||\u00bb text_font_size=\u00bb18px\u00bb custom_margin=\u00bb20px|29px||29px|false|false\u00bb global_colors_info=\u00bb{}\u00bb]<\/p>\n<p>Para un m\u00fasico, grabar es siempre importante. Por la satisfacci\u00f3n que da registrar la m\u00fasica, que sea\u00a0 propia o no se ensay\u00f3 y mejor\u00f3 sin descanso. Pero, adem\u00e1s, porque grabar es tomar distancia, salir de uno mismo y o\u00edrse desde afuera.<\/p>\n<p>Adem\u00e1s de compartirlo con quien quiera escucharlo, siento que en cada disco dejo algo del alma de mi m\u00fasica, mis sue\u00f1os y el trabajo de los m\u00fasicos con los que grab\u00e9, y grabo.<\/p>\n<p>[\/et_pb_text][et_pb_button button_text=\u00bbVER M\u00c1S\u00bb button_alignment=\u00bbcenter\u00bb _builder_version=\u00bb4.27.4&#8243; _module_preset=\u00bbdefault\u00bb custom_button=\u00bbon\u00bb button_text_size=\u00bb17px\u00bb button_text_color=\u00bb#FFFFFF\u00bb button_bg_color=\u00bb#000000&#8243; button_font=\u00bbMontserrat|600|||||||\u00bb custom_margin=\u00bb16px||35px||false|false\u00bb global_colors_info=\u00bb{}\u00bb][\/et_pb_button][\/et_pb_column][et_pb_column type=\u00bb1_2&#8243; _builder_version=\u00bb4.27.4&#8243; _module_preset=\u00bbdefault\u00bb background_image=\u00bbhttp:\/\/www.leopaganini.com.ar\/wp-content\/uploads\/2026\/03\/romero-sesss-BYN.jpg\u00bb custom_padding=\u00bb||300px||false|false\u00bb custom_padding_tablet=\u00bb||300px||false|false\u00bb custom_padding_phone=\u00bb||300px||false|false\u00bb custom_padding_last_edited=\u00bbon|phone\u00bb custom_css_main_element=\u00bbmin-height: 250px;\u00bb global_colors_info=\u00bb{}\u00bb][et_pb_code _builder_version=\u00bb4.27.4&#8243; _module_preset=\u00bbdefault\u00bb global_colors_info=\u00bb{}\u00bb][\/et_pb_code][\/et_pb_column][\/et_pb_row][et_pb_row column_structure=\u00bb1_2,1_2&#8243; use_custom_gutter=\u00bbon\u00bb gutter_width=\u00bb1&#8243; make_equal=\u00bbon\u00bb disabled_on=\u00bboff|off|on\u00bb module_class=\u00bbfila-invertida-mobile\u00bb _builder_version=\u00bb4.27.4&#8243; _module_preset=\u00bbdefault\u00bb min_height=\u00bb400px\u00bb height=\u00bb284px\u00bb max_height=\u00bb1000px\u00bb custom_margin=\u00bb0px||0px||false|false\u00bb custom_margin_tablet=\u00bb0px||||false|false\u00bb custom_margin_phone=\u00bb0px||||false|false\u00bb custom_margin_last_edited=\u00bbon|phone\u00bb custom_padding=\u00bb0px||0px||false|false\u00bb hover_enabled=\u00bb0&#8243; custom_css_free_form=\u00bbfila-invertida-mobile\u00bb global_colors_info=\u00bb{}\u00bb sticky_enabled=\u00bb0&#8243;][et_pb_column type=\u00bb1_2&#8243; _builder_version=\u00bb4.27.4&#8243; _module_preset=\u00bbdefault\u00bb background_image=\u00bbhttp:\/\/www.leopaganini.com.ar\/wp-content\/uploads\/2026\/03\/romero-sesss-BYN.jpg\u00bb background_size=\u00bbcustom\u00bb background_position=\u00bbcenter_left\u00bb custom_padding=\u00bb||300px||false|false\u00bb custom_padding_tablet=\u00bb||300px||false|false\u00bb custom_padding_phone=\u00bb||300px||false|false\u00bb custom_padding_last_edited=\u00bbon|phone\u00bb custom_css_main_element=\u00bbmin-height: 250px;\u00bb global_colors_info=\u00bb{}\u00bb][et_pb_code disabled_on=\u00bboff|off|on\u00bb _builder_version=\u00bb4.27.4&#8243; _module_preset=\u00bbdefault\u00bb global_colors_info=\u00bb{}\u00bb][\/et_pb_code][\/et_pb_column][et_pb_column type=\u00bb1_2&#8243; _builder_version=\u00bb4.27.4&#8243; _module_preset=\u00bbdefault\u00bb background_color=\u00bb#eeeeee\u00bb custom_padding_tablet=\u00bb\u00bb custom_padding_phone=\u00bb\u00bb custom_padding_last_edited=\u00bbon|desktop\u00bb hover_enabled=\u00bb0&#8243; global_colors_info=\u00bb{}\u00bb custom_css_main_element_last_edited=\u00bbon|phone\u00bb custom_css_main_element_phone=\u00bborder: 2;\u00bb custom_css_main_element_tablet=\u00bborder: 2;\u00bb sticky_enabled=\u00bb0&#8243;][et_pb_text _builder_version=\u00bb4.27.4&#8243; _module_preset=\u00bbdefault\u00bb text_font=\u00bbMontserrat|600||on|||||\u00bb text_text_color=\u00bb#000000&#8243; text_font_size=\u00bb22px\u00bb custom_margin=\u00bb29px|||29px|false|false\u00bb global_colors_info=\u00bb{}\u00bb]<\/p>\n<p>DISCOS<\/p>\n<p>[\/et_pb_text][et_pb_text _builder_version=\u00bb4.27.4&#8243; _module_preset=\u00bbdefault\u00bb text_font=\u00bbMontserrat|500|||||||\u00bb text_font_size=\u00bb18px\u00bb custom_margin=\u00bb20px|29px||29px|false|false\u00bb global_colors_info=\u00bb{}\u00bb]<\/p>\n<p>Para un m\u00fasico, grabar es siempre importante. Por la satisfacci\u00f3n que da registrar la m\u00fasica, que sea\u00a0 propia o no se ensay\u00f3 y mejor\u00f3 sin descanso. Pero, adem\u00e1s, porque grabar es tomar distancia, salir de uno mismo y o\u00edrse desde afuera.<\/p>\n<p>Adem\u00e1s de compartirlo con quien quiera escucharlo, siento que en cada disco dejo algo del alma de mi m\u00fasica, mis sue\u00f1os y el trabajo de los m\u00fasicos con los que grab\u00e9, y grabo.<\/p>\n<p>[\/et_pb_text][et_pb_button button_text=\u00bbVER M\u00c1S\u00bb button_alignment=\u00bbcenter\u00bb _builder_version=\u00bb4.27.4&#8243; _module_preset=\u00bbdefault\u00bb custom_button=\u00bbon\u00bb button_text_size=\u00bb17px\u00bb button_text_color=\u00bb#FFFFFF\u00bb button_bg_color=\u00bb#000000&#8243; button_font=\u00bbMontserrat|600|||||||\u00bb custom_margin=\u00bb16px||35px||false|false\u00bb global_colors_info=\u00bb{}\u00bb][\/et_pb_button][\/et_pb_column][\/et_pb_row][et_pb_row column_structure=\u00bb1_2,1_2&#8243; use_custom_gutter=\u00bbon\u00bb gutter_width=\u00bb1&#8243; make_equal=\u00bbon\u00bb _builder_version=\u00bb4.27.4&#8243; _module_preset=\u00bbdefault\u00bb min_height=\u00bb400px\u00bb height=\u00bb284px\u00bb max_height=\u00bb1000px\u00bb custom_margin=\u00bb||||false|false\u00bb custom_padding=\u00bb0px||0px||false|false\u00bb global_colors_info=\u00bb{}\u00bb][et_pb_column type=\u00bb1_2&#8243; _builder_version=\u00bb4.27.4&#8243; _module_preset=\u00bbdefault\u00bb background_image=\u00bbhttp:\/\/www.leopaganini.com.ar\/wp-content\/uploads\/2026\/03\/OCTAFONIC-APLICAR-TNY.jpg\u00bb custom_padding=\u00bb||300px||false|false\u00bb global_colors_info=\u00bb{}\u00bb][et_pb_code _builder_version=\u00bb4.27.4&#8243; _module_preset=\u00bbdefault\u00bb global_colors_info=\u00bb{}\u00bb][\/et_pb_code][\/et_pb_column][et_pb_column type=\u00bb1_2&#8243; _builder_version=\u00bb4.27.4&#8243; _module_preset=\u00bbdefault\u00bb background_color=\u00bb#eeeeee\u00bb global_colors_info=\u00bb{}\u00bb][et_pb_text _builder_version=\u00bb4.27.4&#8243; _module_preset=\u00bbdefault\u00bb text_font=\u00bbMontserrat|600||on|||||\u00bb text_text_color=\u00bb#000000&#8243; text_font_size=\u00bb22px\u00bb custom_margin=\u00bb29px|||29px|false|false\u00bb global_colors_info=\u00bb{}\u00bb]<\/p>\n<p>GRUPOS<\/p>\n<p>[\/et_pb_text][et_pb_text _builder_version=\u00bb4.27.4&#8243; _module_preset=\u00bbdefault\u00bb text_font=\u00bbMontserrat|500|||||||\u00bb text_font_size=\u00bb18px\u00bb custom_margin=\u00bb20px|29px||29px|false|false\u00bb global_colors_info=\u00bb{}\u00bb]<\/p>\n<p>Entre 2010 y 2018 integr\u00e9 m\u00e1s de diez formaciones musicales. De todas, y de cada una, obtuve experiencias maravillosas.<\/p>\n<p>Cada grupo me permiti\u00f3 experimentar con diferentes tendencias musicales y, especialmente, hacer amigos con los que sigo compartiendo una copa de vino y algunas armon\u00edas.<\/p>\n<p>[\/et_pb_text][et_pb_button button_text=\u00bbVER M\u00c1S\u00bb button_alignment=\u00bbcenter\u00bb _builder_version=\u00bb4.27.4&#8243; _module_preset=\u00bbdefault\u00bb custom_button=\u00bbon\u00bb button_text_size=\u00bb17px\u00bb button_text_color=\u00bb#FFFFFF\u00bb button_bg_color=\u00bb#000000&#8243; button_font=\u00bbMontserrat|600|||||||\u00bb custom_margin=\u00bb25px||||false|false\u00bb global_colors_info=\u00bb{}\u00bb][\/et_pb_button][\/et_pb_column][\/et_pb_row][et_pb_row column_structure=\u00bb1_2,1_2&#8243; use_custom_gutter=\u00bbon\u00bb gutter_width=\u00bb1&#8243; make_equal=\u00bbon\u00bb disabled_on=\u00bbon|on|off\u00bb _builder_version=\u00bb4.27.4&#8243; _module_preset=\u00bbdefault\u00bb min_height=\u00bb400px\u00bb height=\u00bb284px\u00bb max_height=\u00bb1000px\u00bb custom_margin=\u00bb0px||0px||false|false\u00bb custom_padding=\u00bb0px||0px||false|false\u00bb hover_enabled=\u00bb0&#8243; global_colors_info=\u00bb{}\u00bb sticky_enabled=\u00bb0&#8243;][et_pb_column type=\u00bb1_2&#8243; _builder_version=\u00bb4.27.4&#8243; _module_preset=\u00bbdefault\u00bb background_color=\u00bb#eeeeee\u00bb global_colors_info=\u00bb{}\u00bb][et_pb_text _builder_version=\u00bb4.27.4&#8243; _module_preset=\u00bbdefault\u00bb text_font=\u00bbMontserrat|600||on|||||\u00bb text_text_color=\u00bb#000000&#8243; text_font_size=\u00bb22px\u00bb custom_margin=\u00bb29px|||29px|false|false\u00bb global_colors_info=\u00bb{}\u00bb]<\/p>\n<p>CLASES<\/p>\n<p>[\/et_pb_text][et_pb_text _builder_version=\u00bb4.27.4&#8243; _module_preset=\u00bbdefault\u00bb text_font=\u00bbMontserrat|500|||||||\u00bb text_font_size=\u00bb18px\u00bb custom_margin=\u00bb20px|29px||29px|false|false\u00bb global_colors_info=\u00bb{}\u00bb]<\/p>\n<p>Ya pasaron varios a\u00f1os a\u00f1os dedic\u00e1ndome a la ense\u00f1anza. Edit\u00e9 un libro con el cual doy mis clases y en \u00e9l inclu\u00ed toda la informaci\u00f3n recogida y la experiencia de haber comprobado cu\u00e1l es la mejor forma de transmitir el conocimiento.<\/p>\n<p>&nbsp;<\/p>\n<p>[\/et_pb_text][et_pb_button button_text=\u00bbVER M\u00c1S\u00bb button_alignment=\u00bbcenter\u00bb _builder_version=\u00bb4.27.4&#8243; _module_preset=\u00bbdefault\u00bb custom_button=\u00bbon\u00bb button_text_size=\u00bb17px\u00bb button_text_color=\u00bb#FFFFFF\u00bb button_bg_color=\u00bb#000000&#8243; button_font=\u00bbMontserrat|600|||||||\u00bb custom_margin=\u00bb||||false|false\u00bb custom_margin_tablet=\u00bb||||false|false\u00bb custom_margin_phone=\u00bb||26px||false|false\u00bb custom_margin_last_edited=\u00bbon|phone\u00bb global_colors_info=\u00bb{}\u00bb][\/et_pb_button][\/et_pb_column][et_pb_column type=\u00bb1_2&#8243; _builder_version=\u00bb4.27.4&#8243; _module_preset=\u00bbdefault\u00bb background_image=\u00bbhttp:\/\/www.leopaganini.com.ar\/wp-content\/uploads\/2026\/03\/PARTITURA.jpg\u00bb custom_padding=\u00bb||300px||false|false\u00bb global_colors_info=\u00bb{}\u00bb][et_pb_code _builder_version=\u00bb4.27.4&#8243; _module_preset=\u00bbdefault\u00bb global_colors_info=\u00bb{}\u00bb][\/et_pb_code][\/et_pb_column][\/et_pb_row][et_pb_row column_structure=\u00bb1_2,1_2&#8243; use_custom_gutter=\u00bbon\u00bb gutter_width=\u00bb1&#8243; make_equal=\u00bbon\u00bb disabled_on=\u00bboff|off|on\u00bb _builder_version=\u00bb4.27.4&#8243; _module_preset=\u00bbdefault\u00bb min_height=\u00bb400px\u00bb height=\u00bb284px\u00bb max_height=\u00bb1000px\u00bb custom_margin=\u00bb0px||0px||false|false\u00bb custom_padding=\u00bb0px||0px||false|false\u00bb global_colors_info=\u00bb{}\u00bb][et_pb_column type=\u00bb1_2&#8243; _builder_version=\u00bb4.27.4&#8243; _module_preset=\u00bbdefault\u00bb background_image=\u00bbhttp:\/\/www.leopaganini.com.ar\/wp-content\/uploads\/2026\/03\/PARTITURA.jpg\u00bb custom_padding=\u00bb||300px||false|false\u00bb global_colors_info=\u00bb{}\u00bb][et_pb_code _builder_version=\u00bb4.27.4&#8243; _module_preset=\u00bbdefault\u00bb global_colors_info=\u00bb{}\u00bb][\/et_pb_code][\/et_pb_column][et_pb_column type=\u00bb1_2&#8243; _builder_version=\u00bb4.27.4&#8243; _module_preset=\u00bbdefault\u00bb background_color=\u00bb#eeeeee\u00bb global_colors_info=\u00bb{}\u00bb][et_pb_text _builder_version=\u00bb4.27.4&#8243; _module_preset=\u00bbdefault\u00bb text_font=\u00bbMontserrat|600||on|||||\u00bb text_text_color=\u00bb#000000&#8243; text_font_size=\u00bb22px\u00bb custom_margin=\u00bb29px|||29px|false|false\u00bb global_colors_info=\u00bb{}\u00bb]<\/p>\n<p>CLASES<\/p>\n<p>[\/et_pb_text][et_pb_text _builder_version=\u00bb4.27.4&#8243; _module_preset=\u00bbdefault\u00bb text_font=\u00bbMontserrat|500|||||||\u00bb text_font_size=\u00bb18px\u00bb custom_margin=\u00bb20px|29px||29px|false|false\u00bb global_colors_info=\u00bb{}\u00bb]<\/p>\n<p>Ya pasaron varios a\u00f1os a\u00f1os dedic\u00e1ndome a la ense\u00f1anza. Edit\u00e9 un libro con el cual doy mis clases y en \u00e9l inclu\u00ed toda la informaci\u00f3n recogida y la experiencia de haber comprobado cu\u00e1l es la mejor forma de transmitir el conocimiento.<\/p>\n<p>&nbsp;<\/p>\n<p>[\/et_pb_text][et_pb_button button_text=\u00bbVER M\u00c1S\u00bb button_alignment=\u00bbcenter\u00bb _builder_version=\u00bb4.27.4&#8243; _module_preset=\u00bbdefault\u00bb custom_button=\u00bbon\u00bb button_text_size=\u00bb17px\u00bb button_text_color=\u00bb#FFFFFF\u00bb button_bg_color=\u00bb#000000&#8243; button_font=\u00bbMontserrat|600|||||||\u00bb custom_margin=\u00bb||||false|false\u00bb custom_margin_tablet=\u00bb||||false|false\u00bb custom_margin_phone=\u00bb||26px||false|false\u00bb custom_margin_last_edited=\u00bbon|phone\u00bb global_colors_info=\u00bb{}\u00bb][\/et_pb_button][\/et_pb_column][\/et_pb_row][\/et_pb_section]<\/p>\n","protected":false},"excerpt":{"rendered":"<p>Biograf\u00eda inconclusaNac\u00ed en Buenos Aires en 1977 y a los 17 a\u00f1os, cuando la m\u00fasica ya era parte de mi vida, eleg\u00ed el saxo y el clarinete. Estudi\u00e9 con maestros que no solo me ense\u00f1aron, tambi\u00e9n me llevaron a descubrir el maravilloso mundo del jazz. Escucho tanta m\u00fasica como toco.Y tambi\u00e9n ense\u00f1o, devolviendo parte de [&hellip;]<\/p>\n","protected":false},"author":1,"featured_media":0,"parent":0,"menu_order":0,"comment_status":"closed","ping_status":"closed","template":"","meta":{"_et_pb_use_builder":"on","_et_pb_old_content":"","_et_gb_content_width":"","footnotes":""},"class_list":["post-9","page","type-page","status-publish","hentry"],"_links":{"self":[{"href":"https:\/\/www.leopaganini.com.ar\/index.php\/wp-json\/wp\/v2\/pages\/9","targetHints":{"allow":["GET"]}}],"collection":[{"href":"https:\/\/www.leopaganini.com.ar\/index.php\/wp-json\/wp\/v2\/pages"}],"about":[{"href":"https:\/\/www.leopaganini.com.ar\/index.php\/wp-json\/wp\/v2\/types\/page"}],"author":[{"embeddable":true,"href":"https:\/\/www.leopaganini.com.ar\/index.php\/wp-json\/wp\/v2\/users\/1"}],"replies":[{"embeddable":true,"href":"https:\/\/www.leopaganini.com.ar\/index.php\/wp-json\/wp\/v2\/comments?post=9"}],"version-history":[{"count":70,"href":"https:\/\/www.leopaganini.com.ar\/index.php\/wp-json\/wp\/v2\/pages\/9\/revisions"}],"predecessor-version":[{"id":774,"href":"https:\/\/www.leopaganini.com.ar\/index.php\/wp-json\/wp\/v2\/pages\/9\/revisions\/774"}],"wp:attachment":[{"href":"https:\/\/www.leopaganini.com.ar\/index.php\/wp-json\/wp\/v2\/media?parent=9"}],"curies":[{"name":"wp","href":"https:\/\/api.w.org\/{rel}","templated":true}]}}